{"id":49,"date":"2022-12-08T16:40:24","date_gmt":"2022-12-08T15:40:24","guid":{"rendered":"http:\/\/ecolesacrecoeurtreflez.fr\/?page_id=49"},"modified":"2024-08-30T15:08:58","modified_gmt":"2024-08-30T13:08:58","slug":"le-reglement","status":"publish","type":"page","link":"https:\/\/ecolesacrecoeurtreflez.fr\/?page_id=49","title":{"rendered":"Le r\u00e8glement"},"content":{"rendered":"<p>[et_pb_section fb_built=\u00a0\u00bb1&Prime; fullwidth=\u00a0\u00bbon\u00a0\u00bb admin_label=\u00a0\u00bbHero\u00a0\u00bb _builder_version=\u00a0\u00bb4.18.0&Prime; use_background_color_gradient=\u00a0\u00bbon\u00a0\u00bb background_color_gradient_direction=\u00a0\u00bb90deg\u00a0\u00bb background_color_gradient_stops=\u00a0\u00bb#eeeff2 55%|rgba(238,239,242,0) 87%\u00a0\u00bb background_color_gradient_overlays_image=\u00a0\u00bbon\u00a0\u00bb background_color_gradient_start=\u00a0\u00bb#eeeff2&Prime; background_color_gradient_start_position=\u00a0\u00bb33%\u00a0\u00bb background_color_gradient_end=\u00a0\u00bbrgba(238,239,242,0)\u00a0\u00bb background_color_gradient_end_position=\u00a0\u00bb52%\u00a0\u00bb background_image=\u00a0\u00bbhttp:\/\/ecolesacrecoeurtreflez.fr\/wp-content\/uploads\/2022\/12\/Group-3-Copy-5.jpg\u00a0\u00bb background_size=\u00a0\u00bbinitial\u00a0\u00bb background_position=\u00a0\u00bbcenter_right\u00a0\u00bb hover_enabled=\u00a0\u00bb0&Prime; global_colors_info=\u00a0\u00bb{}\u00a0\u00bb sticky_enabled=\u00a0\u00bb0&Prime;][et_pb_fullwidth_header subhead=\u00a0\u00bbLe r\u00e8glement de l&rsquo;\u00e9cole\u00a0\u00bb content_max_width=\u00a0\u00bb600px\u00a0\u00bb _builder_version=\u00a0\u00bb4.18.0&Prime; title_font=\u00a0\u00bbRubik|700||on|||||\u00a0\u00bb title_text_color=\u00a0\u00bb#ff7355&Prime; title_font_size=\u00a0\u00bb16px\u00a0\u00bb title_letter_spacing=\u00a0\u00bb5px\u00a0\u00bb title_line_height=\u00a0\u00bb0.5em\u00a0\u00bb content_font=\u00a0\u00bbRubik||||||||\u00a0\u00bb content_font_size=\u00a0\u00bb18px\u00a0\u00bb subhead_font=\u00a0\u00bbOldenburg|700|||||||\u00a0\u00bb subhead_text_color=\u00a0\u00bb#E09900&Prime; subhead_font_size=\u00a0\u00bb45px\u00a0\u00bb subhead_line_height=\u00a0\u00bb1.5em\u00a0\u00bb background_color=\u00a0\u00bbrgba(255,255,255,0)\u00a0\u00bb use_background_color_gradient=\u00a0\u00bbon\u00a0\u00bb background_color_gradient_stops=\u00a0\u00bbrgba(255,255,255,0) 50%|rgba(255,255,255,0.7) 100%\u00a0\u00bb background_color_gradient_start=\u00a0\u00bbrgba(255,255,255,0)\u00a0\u00bb background_color_gradient_start_position=\u00a0\u00bb50%\u00a0\u00bb background_color_gradient_end=\u00a0\u00bbrgba(255,255,255,0.7)\u00a0\u00bb background_size=\u00a0\u00bbcontain\u00a0\u00bb background_position=\u00a0\u00bbbottom_center\u00a0\u00bb custom_button_one=\u00a0\u00bbon\u00a0\u00bb button_one_text_size=\u00a0\u00bb16px\u00a0\u00bb button_one_text_color=\u00a0\u00bb#ffffff\u00a0\u00bb button_one_bg_color=\u00a0\u00bb#ff7355&Prime; button_one_border_width=\u00a0\u00bb15px\u00a0\u00bb button_one_border_color=\u00a0\u00bbrgba(210,159,104,0)\u00a0\u00bb button_one_border_radius=\u00a0\u00bb100px\u00a0\u00bb button_one_letter_spacing=\u00a0\u00bb0px\u00a0\u00bb button_one_font=\u00a0\u00bbRubik|700|||||||\u00a0\u00bb button_one_use_icon=\u00a0\u00bboff\u00a0\u00bb custom_button_two=\u00a0\u00bbon\u00a0\u00bb button_two_text_size=\u00a0\u00bb16px\u00a0\u00bb button_two_text_color=\u00a0\u00bb#ffffff\u00a0\u00bb button_two_bg_color=\u00a0\u00bbrgba(0,0,0,0.6)\u00a0\u00bb button_two_border_width=\u00a0\u00bb15px\u00a0\u00bb button_two_border_color=\u00a0\u00bbrgba(210,159,104,0)\u00a0\u00bb button_two_border_radius=\u00a0\u00bb100px\u00a0\u00bb button_two_letter_spacing=\u00a0\u00bb0px\u00a0\u00bb button_two_font=\u00a0\u00bbRubik|700|||||||\u00a0\u00bb button_two_use_icon=\u00a0\u00bboff\u00a0\u00bb background_layout=\u00a0\u00bblight\u00a0\u00bb max_width_last_edited=\u00a0\u00bboff|desktop\u00a0\u00bb module_alignment=\u00a0\u00bbcenter\u00a0\u00bb custom_margin=\u00a0\u00bb|||\u00a0\u00bb custom_padding=\u00a0\u00bb8vw||4vw|\u00a0\u00bb hover_enabled=\u00a0\u00bb0&Prime; subhead_font_size_tablet=\u00a0\u00bb\u00a0\u00bb subhead_font_size_phone=\u00a0\u00bb30px\u00a0\u00bb subhead_font_size_last_edited=\u00a0\u00bbon|phone\u00a0\u00bb button_one_border_radius_hover=\u00a0\u00bb100px\u00a0\u00bb button_two_border_radius_hover=\u00a0\u00bb100px\u00a0\u00bb button_one_bg_color_hover=\u00a0\u00bb#ff8a70&Prime; button_two_bg_color_hover=\u00a0\u00bb#ff8a70&Prime; global_colors_info=\u00a0\u00bb{}\u00a0\u00bb button_one_text_size__hover_enabled=\u00a0\u00bboff\u00a0\u00bb button_two_text_size__hover_enabled=\u00a0\u00bboff\u00a0\u00bb button_one_text_color__hover_enabled=\u00a0\u00bboff\u00a0\u00bb button_two_text_color__hover_enabled=\u00a0\u00bboff\u00a0\u00bb button_one_border_width__hover_enabled=\u00a0\u00bboff\u00a0\u00bb button_two_border_width__hover_enabled=\u00a0\u00bboff\u00a0\u00bb button_one_border_color__hover_enabled=\u00a0\u00bboff\u00a0\u00bb button_two_border_color__hover_enabled=\u00a0\u00bboff\u00a0\u00bb button_one_border_radius__hover_enabled=\u00a0\u00bbon\u00a0\u00bb button_one_border_radius__hover=\u00a0\u00bb100px\u00a0\u00bb button_two_border_radius__hover_enabled=\u00a0\u00bbon\u00a0\u00bb button_two_border_radius__hover=\u00a0\u00bb100px\u00a0\u00bb button_one_letter_spacing__hover_enabled=\u00a0\u00bboff\u00a0\u00bb button_two_letter_spacing__hover_enabled=\u00a0\u00bboff\u00a0\u00bb button_one_bg_color__hover_enabled=\u00a0\u00bbon\u00a0\u00bb button_one_bg_color__hover=\u00a0\u00bb#ff8a70&Prime; button_two_bg_color__hover_enabled=\u00a0\u00bbon\u00a0\u00bb button_two_bg_color__hover=\u00a0\u00bb#ff8a70&Prime; sticky_enabled=\u00a0\u00bb0&Prime;]<\/p>\n<p>&nbsp;<\/p>\n<p><span style=\"text-decoration: underline;\"><span style=\"color: #339966; text-decoration: underline;\"><\/span><\/span><\/p>\n<p>&nbsp;<\/p>\n<p>[\/et_pb_fullwidth_header][\/et_pb_section][et_pb_section fb_built=\u00a0\u00bb1&Prime; admin_label=\u00a0\u00bbStaff\u00a0\u00bb _builder_version=\u00a0\u00bb4.16&Prime; custom_padding=\u00a0\u00bb|||\u00a0\u00bb global_colors_info=\u00a0\u00bb{}\u00a0\u00bb][et_pb_row admin_label=\u00a0\u00bbTitle Row\u00a0\u00bb _builder_version=\u00a0\u00bb4.18.0&Prime; width=\u00a0\u00bb100%\u00a0\u00bb max_width=\u00a0\u00bb1082px\u00a0\u00bb global_colors_info=\u00a0\u00bb{}\u00a0\u00bb][et_pb_column type=\u00a0\u00bb4_4&Prime; _builder_version=\u00a0\u00bb4.18.0&Prime; custom_padding=\u00a0\u00bb|||\u00a0\u00bb global_colors_info=\u00a0\u00bb{}\u00a0\u00bb custom_padding__hover=\u00a0\u00bb|||\u00a0\u00bb][et_pb_text _builder_version=\u00a0\u00bb4.18.0&Prime; text_font=\u00a0\u00bbRubik|500|||||||\u00a0\u00bb text_font_size=\u00a0\u00bb16px\u00a0\u00bb text_line_height=\u00a0\u00bb2em\u00a0\u00bb header_font=\u00a0\u00bb||||||||\u00a0\u00bb header_2_font=\u00a0\u00bbRubik|700|||||||\u00a0\u00bb header_2_font_size=\u00a0\u00bb40px\u00a0\u00bb header_2_line_height=\u00a0\u00bb1.4em\u00a0\u00bb header_3_font=\u00a0\u00bbOldenburg||||||||\u00a0\u00bb header_3_text_color=\u00a0\u00bb#E09900&Prime; header_5_font=\u00a0\u00bbRubik|700||on|||||\u00a0\u00bb header_5_text_color=\u00a0\u00bb#2b76df\u00a0\u00bb header_5_letter_spacing=\u00a0\u00bb5px\u00a0\u00bb header_5_line_height=\u00a0\u00bb1.5em\u00a0\u00bb text_orientation=\u00a0\u00bbcenter\u00a0\u00bb max_width=\u00a0\u00bb800%\u00a0\u00bb module_alignment=\u00a0\u00bbcenter\u00a0\u00bb text_line_height_last_edited=\u00a0\u00bboff|desktop\u00a0\u00bb global_colors_info=\u00a0\u00bb{}\u00a0\u00bb]<\/p>\n<h3 style=\"text-align: left;\">Pr\u00e9ambule<\/h3>\n<p style=\"text-align: left;\">L\u2019Ecole a pour but :<br \/>&#8211; de donner aux \u00e9l\u00e8ves des connaissances et des habitudes de travail<br \/>&#8211; de favoriser leur \u00e9panouissement et de leur apprendre \u00e0 vivre au sein d\u2019une collectivit\u00e9<\/p>\n<p style=\"text-align: left;\">\n<p style=\"text-align: left;\"><span style=\"text-decoration: underline; color: #0000ff;\"><em>\u00a01) ENTR\u00c9ES ET SORTIES DE L\u2019\u00c9TABLISSEMENT<\/em><\/span><\/p>\n<ul style=\"text-align: left;\">\n<li>Je peux entrer dans la cour \u00e0 partir de 8h35 et de 13h, quand la surveillance est assur\u00e9e par un adulte de l\u2019\u00e9cole.<\/li>\n<li>Je descends de v\u00e9lo pour traverser la cour et je le range \u00e0 l\u2019endroit pr\u00e9vu.<\/li>\n<li>Je ne quitte pas la cour sans avoir averti l\u2019adulte qui est au portail \u00e0 la sortie.<\/li>\n<li>Je n\u2019utilise les jeux de cour ni sur les temps de sortie (12h, 16h30) ni apr\u00e8s le go\u00fbter de l\u2019Aide aux devoirs.<\/li>\n<\/ul>\n<p style=\"text-align: left;\"><span style=\"text-decoration: underline;\"><em><span style=\"color: #0000ff;\">2) TRAVAIL SCOLAIRE<\/span><\/em><\/span><\/p>\n<ul style=\"text-align: left;\">\n<li>Je note s\u00e9rieusement dans l\u2019agenda les devoirs donn\u00e9s par l\u2019enseignant.<\/li>\n<li>Je m\u2019engage \u00e0 faire mes devoirs pour le jour demand\u00e9.<\/li>\n<li>Je dois \u00eatre en possession de mon mat\u00e9riel scolaire et sportif tout au long de l\u2019ann\u00e9e.<\/li>\n<li>Je travaille s\u00e9rieusement et avec application en classe comme \u00e0 l\u2019aide aux devoirs.<\/li>\n<\/ul>\n<p style=\"text-align: left;\"><span style=\"text-decoration: underline;\"><em><span style=\"color: #0000ff; text-decoration: underline;\">\u00a03) R\u00c9CR\u00c9ATIONS<\/span><\/em><\/span><\/p>\n<ul style=\"text-align: left;\">\n<li>Dans la cour, je n\u2019utilise que les jeux et les ballons de l\u2019\u00e9cole, en respectant les consignes d\u2019utilisation (affich\u00e9es sur une fen\u00eatre de maternelle).<\/li>\n<li>Le mat\u00e9riel de sport reste dans le local de rangement.<\/li>\n<li>Les lieux autoris\u00e9s pour les r\u00e9cr\u00e9ations sont la cour, les pr\u00e9aux (avec le respect des zones) et le jardin pour le foot (les lundis, jeudis et vendredis) sous la surveillance d\u2019une adulte.<\/li>\n<li>Je m\u2019engage \u00e0 ne pas ramener, dans l\u2019Etablissement, jeux \u00e9lectroniques, mp4, t\u00e9l\u00e9phones portables, ainsi que tout objet dangereux. En cas de doute, je demande l\u2019autorisation \u00e0 l\u2019enseignant.<\/li>\n<li>D\u00e8s que la cloche sonne, je me range calmement.<\/li>\n<\/ul>\n<p style=\"text-align: left;\"><span style=\"text-decoration: underline;\"><em><span style=\"color: #0000ff;\">4) RESPECT DES PERSONNES, MAT\u00c9RIEL, ENVIRONNEMENT ET S\u00c9CURIT\u00c9<\/span><\/em><\/span><\/p>\n<ol style=\"text-align: left;\">\n<li>a) <u>Respect des personnes<\/u><\/li>\n<\/ol>\n<ul style=\"text-align: left;\">\n<li>Je m\u2019engage \u00e0 respecter les r\u00e8gles de politesse et refuser toute forme de violence (physique, morale, verbale).<\/li>\n<li>En cas de probl\u00e8me, je m\u2019adresse \u00e0 l\u2019adulte : il r\u00e8glera le conflit.<\/li>\n<li>Je viens \u00e0 l\u2019\u00e9cole avec une tenue correcte.<\/li>\n<li>Je ne perturbe pas mes camarades par un mauvais comportement.<\/li>\n<\/ul>\n<p style=\"text-align: left;\">\n<p style=\"text-align: left;\">\n<ol style=\"text-align: left;\">\n<li>b) <u>Respect des biens<\/u><\/li>\n<\/ol>\n<ul style=\"text-align: left;\">\n<li>Chacun est responsable de ses affaires et de son mat\u00e9riel. L&rsquo;\u00e9cole n&rsquo;est pas responsable en cas de vol, perte ou d\u00e9gradation. Les v\u00eatements trouv\u00e9s seront d\u00e9pos\u00e9s dans la BCD. En fin d\u2019ann\u00e9e, les v\u00eatements non r\u00e9clam\u00e9s seront donn\u00e9s \u00e0 des \u0153uvres caritatives.<\/li>\n<li>Pour travailler dans de bonnes conditions, je m\u2019engage \u00e0 respecter le mat\u00e9riel mis \u00e0 ma disposition (mobilier, manuels scolaires, livres de biblioth\u00e8que, jeux\u2026).<\/li>\n<\/ul>\n<ol style=\"text-align: left;\">\n<li>c) <u>Respect de l\u2019environnement<\/u><\/li>\n<\/ol>\n<ul style=\"text-align: left;\">\n<li>Afin de pr\u00e9server la qualit\u00e9 de mon cadre de vie (b\u00e2timents, espaces verts, bancs), je ne crache pas et ne jette aucun d\u00e9chet par terre.<\/li>\n<li>A la cantine, je ne joue pas avec la nourriture, me tiens correctement \u00e0 table et respecte le r\u00e8glement sp\u00e9cifique.<\/li>\n<\/ul>\n<ol style=\"text-align: left;\">\n<li>d) <u>Respect des consignes de s\u00e9curit\u00e9<\/u><\/li>\n<\/ol>\n<ul style=\"text-align: left;\">\n<li>Aucun m\u00e9dicament ne sera laiss\u00e9 dans la poche ou dans le sac de l\u2019enfant. Dans des cadres sp\u00e9cifiques (diab\u00e8te, allergie grave) un PAI (Projet d\u2019Accueil Individualis\u00e9) est mis en place : les m\u00e9dicaments sont alors stock\u00e9s dans un endroit connu de tous les adultes concern\u00e9s.<\/li>\n<li>En cas d\u2019accident, l\u2019\u00e9quipe enseignante fait appel aux services d\u2019urgence et la famille est pr\u00e9venue imm\u00e9diatement.<\/li>\n<li>Les enfants accueillis \u00e0 l\u2019\u00e9cole doivent \u00eatre dans un \u00e9tat de sant\u00e9 compatible avec les exigences de la scolarisation.<\/li>\n<\/ul>\n<p style=\"text-align: left;\"><span style=\"text-decoration: underline;\"><em><span style=\"color: #0000ff;\">5) ABSENCES<\/span><\/em><\/span><\/p>\n<p style=\"text-align: left;\">L\u2019\u00e9cole doit \u00eatre avertie de toute absence :<br \/>&#8211; \u00e0 l\u2019avance (en cas d\u2019absence pr\u00e9vue)<br \/>&#8211; le matin m\u00eame du jour de l\u2019absence (en cas d\u2019absence impr\u00e9vue)<\/p>\n<p style=\"text-align: left;\">A son retour, l\u2019\u00e9l\u00e8ve de primaire doit pr\u00e9senter \u00e0 l\u2019enseignant un billet d\u2019absence.<\/p>\n<p style=\"text-align: left;\">Les absences, pour motif autre que maladie ou blessure, n\u00e9cessitent un courrier des parents d\u00e9chargeant l\u2019\u00e9cole de toute responsabilit\u00e9 pour cette p\u00e9riode.<\/p>\n<p style=\"text-align: left;\"><span style=\"text-decoration: underline; color: #0000ff;\"><em>6) SANCTIONS<\/em><\/span><\/p>\n<p style=\"text-align: left;\">Le non-respect de ce r\u00e8glement entra\u00eene les sanctions suivantes :<br \/>&#8211; Pr\u00e9sentation d\u2019excuses<br \/>&#8211; Avertissement oral ou \u00e9crit<br \/>&#8211; Travail suppl\u00e9mentaire<br \/>&#8211; R\u00e9paration des dommages caus\u00e9s<br \/>&#8211; Convocation des parents (avec l\u2019enseignant et la direction)<br \/>&#8211; Exclusion temporaire<br \/>&#8211; Exclusion temporaire de la cantine, de l\u2019Aide aux devoirs<\/p>\n<p style=\"text-align: left;\">Tout le personnel \u00e9ducatif de l\u2019Etablissement est habilit\u00e9 \u00e0 sanctionner.<\/p>\n<p style=\"text-align: left;\">Nous avons pris connaissance et nous engageons \u00e0 respecter ce r\u00e8glement.<\/p>\n<p style=\"text-align: left;\">Signature de l\u2019enfant\u00a0\u00a0\u00a0\u00a0\u00a0\u00a0\u00a0\u00a0\u00a0\u00a0\u00a0\u00a0\u00a0\u00a0\u00a0\u00a0\u00a0\u00a0\u00a0\u00a0\u00a0\u00a0\u00a0\u00a0\u00a0\u00a0\u00a0\u00a0\u00a0\u00a0\u00a0\u00a0\u00a0\u00a0\u00a0\u00a0 Signature des parents<\/p>\n<p style=\"text-align: left;\">\n<p>[\/et_pb_text][\/et_pb_column][\/et_pb_row][\/et_pb_section]<\/p>\n","protected":false},"excerpt":{"rendered":"<p>&nbsp; &nbsp;Pr\u00e9ambule L\u2019Ecole a pour but :- de donner aux \u00e9l\u00e8ves des connaissances et des habitudes de travail- de favoriser leur \u00e9panouissement et de leur apprendre \u00e0 vivre au sein d\u2019une collectivit\u00e9 \u00a01) ENTR\u00c9ES ET SORTIES DE L\u2019\u00c9TABLISSEMENT Je peux entrer dans la cour \u00e0 partir de 8h35 et de 13h, quand la surveillance est [&hellip;]<\/p>\n","protected":false},"author":1,"featured_media":0,"parent":0,"menu_order":0,"comment_status":"closed","ping_status":"closed","template":"","meta":{"_et_pb_use_builder":"on","_et_pb_old_content":"","_et_gb_content_width":"","footnotes":""},"class_list":["post-49","page","type-page","status-publish","hentry"],"_links":{"self":[{"href":"https:\/\/ecolesacrecoeurtreflez.fr\/index.php?rest_route=\/wp\/v2\/pages\/49","targetHints":{"allow":["GET"]}}],"collection":[{"href":"https:\/\/ecolesacrecoeurtreflez.fr\/index.php?rest_route=\/wp\/v2\/pages"}],"about":[{"href":"https:\/\/ecolesacrecoeurtreflez.fr\/index.php?rest_route=\/wp\/v2\/types\/page"}],"author":[{"embeddable":true,"href":"https:\/\/ecolesacrecoeurtreflez.fr\/index.php?rest_route=\/wp\/v2\/users\/1"}],"replies":[{"embeddable":true,"href":"https:\/\/ecolesacrecoeurtreflez.fr\/index.php?rest_route=%2Fwp%2Fv2%2Fcomments&post=49"}],"version-history":[{"count":8,"href":"https:\/\/ecolesacrecoeurtreflez.fr\/index.php?rest_route=\/wp\/v2\/pages\/49\/revisions"}],"predecessor-version":[{"id":6187,"href":"https:\/\/ecolesacrecoeurtreflez.fr\/index.php?rest_route=\/wp\/v2\/pages\/49\/revisions\/6187"}],"wp:attachment":[{"href":"https:\/\/ecolesacrecoeurtreflez.fr\/index.php?rest_route=%2Fwp%2Fv2%2Fmedia&parent=49"}],"curies":[{"name":"wp","href":"https:\/\/api.w.org\/{rel}","templated":true}]}}