{"id":5700,"date":"2024-03-30T16:10:39","date_gmt":"2024-03-30T15:10:39","guid":{"rendered":"https:\/\/ecolesacrecoeurtreflez.fr\/?page_id=5700"},"modified":"2024-11-12T10:46:47","modified_gmt":"2024-11-12T09:46:47","slug":"projet-decole","status":"publish","type":"page","link":"https:\/\/ecolesacrecoeurtreflez.fr\/?page_id=5700","title":{"rendered":"Projet d&rsquo;\u00e9cole"},"content":{"rendered":"<p>[et_pb_section fb_built=\u00a0\u00bb1&Prime; _builder_version=\u00a0\u00bb4.18.0&Prime; _module_preset=\u00a0\u00bbdefault\u00a0\u00bb global_colors_info=\u00a0\u00bb{}\u00a0\u00bb][et_pb_row column_structure=\u00a0\u00bb1_2,1_2&Prime; _builder_version=\u00a0\u00bb4.18.0&Prime; _module_preset=\u00a0\u00bbdefault\u00a0\u00bb background_color=\u00a0\u00bb#289550&Prime; global_colors_info=\u00a0\u00bb{}\u00a0\u00bb][et_pb_column type=\u00a0\u00bb1_2&Prime; _builder_version=\u00a0\u00bb4.18.0&Prime; _module_preset=\u00a0\u00bbdefault\u00a0\u00bb global_colors_info=\u00a0\u00bb{}\u00a0\u00bb][et_pb_text _builder_version=\u00a0\u00bb4.18.0&Prime; _module_preset=\u00a0\u00bbdefault\u00a0\u00bb background_color=\u00a0\u00bbRGBA(255,255,255,0)\u00a0\u00bb width=\u00a0\u00bb100%\u00a0\u00bb custom_padding=\u00a0\u00bb|2px||||\u00a0\u00bb global_colors_info=\u00a0\u00bb{}\u00a0\u00bb]<\/p>\n<h1 style=\"text-align: justify;\"><strong><span style=\"color: #ffffff;\">PROJET<\/span> <span style=\"color: #ffffff;\">D&rsquo;\u00c9COLE<\/span><\/strong><\/h1>\n<p>[\/et_pb_text][\/et_pb_column][et_pb_column type=\u00a0\u00bb1_2&Prime; _builder_version=\u00a0\u00bb4.18.0&Prime; _module_preset=\u00a0\u00bbdefault\u00a0\u00bb global_colors_info=\u00a0\u00bb{}\u00a0\u00bb][et_pb_text _builder_version=\u00a0\u00bb4.18.0&Prime; _module_preset=\u00a0\u00bbdefault\u00a0\u00bb text_text_color=\u00a0\u00bb#FFFFFF\u00a0\u00bb global_colors_info=\u00a0\u00bb{}\u00a0\u00bb]<\/p>\n<h3 style=\"text-align: left;\"><span style=\"color: #ffffff;\"><em><strong>Une \u00e9cole \u00e9cocitoyenne !<\/strong><\/em><\/span><\/h3>\n<p>[\/et_pb_text][\/et_pb_column][\/et_pb_row][et_pb_row _builder_version=\u00a0\u00bb4.18.0&Prime; _module_preset=\u00a0\u00bbdefault\u00a0\u00bb width=\u00a0\u00bb55%\u00a0\u00bb global_colors_info=\u00a0\u00bb{}\u00a0\u00bb][et_pb_column type=\u00a0\u00bb4_4&Prime; _builder_version=\u00a0\u00bb4.18.0&Prime; _module_preset=\u00a0\u00bbdefault\u00a0\u00bb global_colors_info=\u00a0\u00bb{}\u00a0\u00bb][et_pb_image src=\u00a0\u00bbhttp:\/\/ecolesacrecoeurtreflez.fr\/wp-content\/uploads\/2024\/03\/PROJET-DECOLE-une-ecole-ecocitoyenne-.png\u00a0\u00bb title_text=\u00a0\u00bbPROJET D\u2019ECOLE une e\u0301cole e\u0301cocitoyenne !\u00a0\u00bb _builder_version=\u00a0\u00bb4.18.0&Prime; _module_preset=\u00a0\u00bbdefault\u00a0\u00bb custom_margin=\u00a0\u00bb||-48px|||\u00a0\u00bb global_colors_info=\u00a0\u00bb{}\u00a0\u00bb][\/et_pb_image][et_pb_image src=\u00a0\u00bbhttp:\/\/ecolesacrecoeurtreflez.fr\/wp-content\/uploads\/2024\/03\/PROJET-DECOLE-une-ecole-ecocitoyenne-2.png\u00a0\u00bb title_text=\u00a0\u00bbPROJET D\u2019ECOLE une e\u0301cole e\u0301cocitoyenne !-2&Prime; _builder_version=\u00a0\u00bb4.18.0&Prime; _module_preset=\u00a0\u00bbdefault\u00a0\u00bb custom_margin=\u00a0\u00bb||-692px|||\u00a0\u00bb custom_padding=\u00a0\u00bb||152px|||\u00a0\u00bb global_colors_info=\u00a0\u00bb{}\u00a0\u00bb][\/et_pb_image][et_pb_image src=\u00a0\u00bbhttp:\/\/ecolesacrecoeurtreflez.fr\/wp-content\/uploads\/2024\/03\/PROJET-DECOLE-une-ecole-ecocitoyenne-3.png\u00a0\u00bb title_text=\u00a0\u00bbPROJET D\u2019ECOLE une e\u0301cole e\u0301cocitoyenne !-3&Prime; _builder_version=\u00a0\u00bb4.18.0&Prime; _module_preset=\u00a0\u00bbdefault\u00a0\u00bb min_height=\u00a0\u00bb862px\u00a0\u00bb custom_margin=\u00a0\u00bb||-345px|||\u00a0\u00bb global_colors_info=\u00a0\u00bb{}\u00a0\u00bb][\/et_pb_image][et_pb_image src=\u00a0\u00bbhttp:\/\/ecolesacrecoeurtreflez.fr\/wp-content\/uploads\/2024\/03\/PROJET-DECOLE-une-ecole-ecocitoyenne-4.png\u00a0\u00bb title_text=\u00a0\u00bbPROJET D\u2019ECOLE une e\u0301cole e\u0301cocitoyenne !-4&Prime; _builder_version=\u00a0\u00bb4.18.0&Prime; _module_preset=\u00a0\u00bbdefault\u00a0\u00bb min_height=\u00a0\u00bb1121px\u00a0\u00bb custom_padding=\u00a0\u00bb||0px|||\u00a0\u00bb global_colors_info=\u00a0\u00bb{}\u00a0\u00bb][\/et_pb_image][\/et_pb_column][\/et_pb_row][\/et_pb_section]<\/p>\n","protected":false},"excerpt":{"rendered":"<p>PROJET D&rsquo;\u00c9COLEUne \u00e9cole \u00e9cocitoyenne !<\/p>\n","protected":false},"author":1,"featured_media":0,"parent":0,"menu_order":0,"comment_status":"closed","ping_status":"closed","template":"","meta":{"_et_pb_use_builder":"on","_et_pb_old_content":"","_et_gb_content_width":"","footnotes":""},"class_list":["post-5700","page","type-page","status-publish","hentry"],"_links":{"self":[{"href":"https:\/\/ecolesacrecoeurtreflez.fr\/index.php?rest_route=\/wp\/v2\/pages\/5700","targetHints":{"allow":["GET"]}}],"collection":[{"href":"https:\/\/ecolesacrecoeurtreflez.fr\/index.php?rest_route=\/wp\/v2\/pages"}],"about":[{"href":"https:\/\/ecolesacrecoeurtreflez.fr\/index.php?rest_route=\/wp\/v2\/types\/page"}],"author":[{"embeddable":true,"href":"https:\/\/ecolesacrecoeurtreflez.fr\/index.php?rest_route=\/wp\/v2\/users\/1"}],"replies":[{"embeddable":true,"href":"https:\/\/ecolesacrecoeurtreflez.fr\/index.php?rest_route=%2Fwp%2Fv2%2Fcomments&post=5700"}],"version-history":[{"count":12,"href":"https:\/\/ecolesacrecoeurtreflez.fr\/index.php?rest_route=\/wp\/v2\/pages\/5700\/revisions"}],"predecessor-version":[{"id":6264,"href":"https:\/\/ecolesacrecoeurtreflez.fr\/index.php?rest_route=\/wp\/v2\/pages\/5700\/revisions\/6264"}],"wp:attachment":[{"href":"https:\/\/ecolesacrecoeurtreflez.fr\/index.php?rest_route=%2Fwp%2Fv2%2Fmedia&parent=5700"}],"curies":[{"name":"wp","href":"https:\/\/api.w.org\/{rel}","templated":true}]}}