{"id":85,"date":"2022-12-09T15:58:45","date_gmt":"2022-12-09T14:58:45","guid":{"rendered":"http:\/\/ecolesacrecoeurtreflez.fr\/?page_id=85"},"modified":"2024-08-30T15:23:14","modified_gmt":"2024-08-30T13:23:14","slug":"un-territoire","status":"publish","type":"page","link":"https:\/\/ecolesacrecoeurtreflez.fr\/?page_id=85","title":{"rendered":"Un territoire"},"content":{"rendered":"<p>[et_pb_section fb_built=\u00a0\u00bb1&Prime; fullwidth=\u00a0\u00bbon\u00a0\u00bb admin_label=\u00a0\u00bbHero\u00a0\u00bb _builder_version=\u00a0\u00bb4.18.0&Prime; use_background_color_gradient=\u00a0\u00bbon\u00a0\u00bb background_color_gradient_direction=\u00a0\u00bb90deg\u00a0\u00bb background_color_gradient_stops=\u00a0\u00bb#eeeff2 33%|rgba(238,239,242,0) 52%\u00a0\u00bb background_color_gradient_overlays_image=\u00a0\u00bbon\u00a0\u00bb background_color_gradient_start=\u00a0\u00bb#eeeff2&Prime; background_color_gradient_start_position=\u00a0\u00bb33%\u00a0\u00bb background_color_gradient_end=\u00a0\u00bbrgba(238,239,242,0)\u00a0\u00bb background_color_gradient_end_position=\u00a0\u00bb52%\u00a0\u00bb background_image=\u00a0\u00bbhttp:\/\/ecolesacrecoeurtreflez.fr\/wp-content\/uploads\/2024\/08\/Capture-decran-2024-08-24-a-11.16.10.png\u00a0\u00bb background_blend=\u00a0\u00bbhard-light\u00a0\u00bb hover_enabled=\u00a0\u00bb0&Prime; global_colors_info=\u00a0\u00bb{}\u00a0\u00bb title_text=\u00a0\u00bbCapture d\u2019\u00e9cran 2024-08-24 \u00e0 11.16.10&Prime; background_size=\u00a0\u00bbcontain\u00a0\u00bb background_position=\u00a0\u00bbtop_right\u00a0\u00bb sticky_enabled=\u00a0\u00bb0&Prime;][et_pb_fullwidth_header subhead=\u00a0\u00bbUn territoire\u00a0\u00bb content_max_width=\u00a0\u00bb600px\u00a0\u00bb _builder_version=\u00a0\u00bb4.18.0&Prime; title_font=\u00a0\u00bbRubik|700||on|||||\u00a0\u00bb title_text_color=\u00a0\u00bb#ff7355&Prime; title_font_size=\u00a0\u00bb16px\u00a0\u00bb title_letter_spacing=\u00a0\u00bb5px\u00a0\u00bb title_line_height=\u00a0\u00bb0.5em\u00a0\u00bb content_font=\u00a0\u00bbRubik||||||||\u00a0\u00bb content_font_size=\u00a0\u00bb18px\u00a0\u00bb subhead_font=\u00a0\u00bbOldenburg|700|||||||\u00a0\u00bb subhead_text_color=\u00a0\u00bb#E02B20&Prime; subhead_font_size=\u00a0\u00bb50px\u00a0\u00bb subhead_line_height=\u00a0\u00bb1.5em\u00a0\u00bb background_color=\u00a0\u00bbrgba(255,255,255,0)\u00a0\u00bb use_background_color_gradient=\u00a0\u00bbon\u00a0\u00bb background_color_gradient_stops=\u00a0\u00bbrgba(255,255,255,0) 50%|rgba(255,255,255,0.7) 100%\u00a0\u00bb background_color_gradient_start=\u00a0\u00bbrgba(255,255,255,0)\u00a0\u00bb background_color_gradient_start_position=\u00a0\u00bb50%\u00a0\u00bb background_color_gradient_end=\u00a0\u00bbrgba(255,255,255,0.7)\u00a0\u00bb background_size=\u00a0\u00bbcontain\u00a0\u00bb background_position=\u00a0\u00bbbottom_center\u00a0\u00bb custom_button_one=\u00a0\u00bbon\u00a0\u00bb button_one_text_size=\u00a0\u00bb16px\u00a0\u00bb button_one_text_color=\u00a0\u00bb#ffffff\u00a0\u00bb button_one_bg_color=\u00a0\u00bb#ff7355&Prime; button_one_border_width=\u00a0\u00bb15px\u00a0\u00bb button_one_border_color=\u00a0\u00bbrgba(210,159,104,0)\u00a0\u00bb button_one_border_radius=\u00a0\u00bb100px\u00a0\u00bb button_one_letter_spacing=\u00a0\u00bb0px\u00a0\u00bb button_one_font=\u00a0\u00bbRubik|700|||||||\u00a0\u00bb button_one_use_icon=\u00a0\u00bboff\u00a0\u00bb custom_button_two=\u00a0\u00bbon\u00a0\u00bb button_two_text_size=\u00a0\u00bb16px\u00a0\u00bb button_two_text_color=\u00a0\u00bb#ffffff\u00a0\u00bb button_two_bg_color=\u00a0\u00bbrgba(0,0,0,0.6)\u00a0\u00bb button_two_border_width=\u00a0\u00bb15px\u00a0\u00bb button_two_border_color=\u00a0\u00bbrgba(210,159,104,0)\u00a0\u00bb button_two_border_radius=\u00a0\u00bb100px\u00a0\u00bb button_two_letter_spacing=\u00a0\u00bb0px\u00a0\u00bb button_two_font=\u00a0\u00bbRubik|700|||||||\u00a0\u00bb button_two_use_icon=\u00a0\u00bboff\u00a0\u00bb background_layout=\u00a0\u00bblight\u00a0\u00bb max_width_last_edited=\u00a0\u00bboff|desktop\u00a0\u00bb module_alignment=\u00a0\u00bbcenter\u00a0\u00bb custom_margin=\u00a0\u00bb|||\u00a0\u00bb custom_padding=\u00a0\u00bb8vw||4vw|\u00a0\u00bb subhead_font_size_tablet=\u00a0\u00bb\u00a0\u00bb subhead_font_size_phone=\u00a0\u00bb30px\u00a0\u00bb subhead_font_size_last_edited=\u00a0\u00bbon|phone\u00a0\u00bb button_one_border_radius_hover=\u00a0\u00bb100px\u00a0\u00bb button_two_border_radius_hover=\u00a0\u00bb100px\u00a0\u00bb button_one_bg_color_hover=\u00a0\u00bb#ff8a70&Prime; button_two_bg_color_hover=\u00a0\u00bb#ff8a70&Prime; global_colors_info=\u00a0\u00bb{}\u00a0\u00bb button_one_text_size__hover_enabled=\u00a0\u00bboff\u00a0\u00bb button_two_text_size__hover_enabled=\u00a0\u00bboff\u00a0\u00bb button_one_text_color__hover_enabled=\u00a0\u00bboff\u00a0\u00bb button_two_text_color__hover_enabled=\u00a0\u00bboff\u00a0\u00bb button_one_border_width__hover_enabled=\u00a0\u00bboff\u00a0\u00bb button_two_border_width__hover_enabled=\u00a0\u00bboff\u00a0\u00bb button_one_border_color__hover_enabled=\u00a0\u00bboff\u00a0\u00bb button_two_border_color__hover_enabled=\u00a0\u00bboff\u00a0\u00bb button_one_border_radius__hover_enabled=\u00a0\u00bbon\u00a0\u00bb button_one_border_radius__hover=\u00a0\u00bb100px\u00a0\u00bb button_two_border_radius__hover_enabled=\u00a0\u00bbon\u00a0\u00bb button_two_border_radius__hover=\u00a0\u00bb100px\u00a0\u00bb button_one_letter_spacing__hover_enabled=\u00a0\u00bboff\u00a0\u00bb button_two_letter_spacing__hover_enabled=\u00a0\u00bboff\u00a0\u00bb button_one_bg_color__hover_enabled=\u00a0\u00bbon\u00a0\u00bb button_one_bg_color__hover=\u00a0\u00bb#ff8a70&Prime; button_two_bg_color__hover_enabled=\u00a0\u00bbon\u00a0\u00bb button_two_bg_color__hover=\u00a0\u00bb#ff8a70&Prime;][\/et_pb_fullwidth_header][\/et_pb_section][et_pb_section fb_built=\u00a0\u00bb1&Prime; admin_label=\u00a0\u00bbStaff\u00a0\u00bb _builder_version=\u00a0\u00bb4.16&Prime; custom_padding=\u00a0\u00bb|||\u00a0\u00bb global_colors_info=\u00a0\u00bb{}\u00a0\u00bb][et_pb_row column_structure=\u00a0\u00bb2_3,1_3&Prime; admin_label=\u00a0\u00bbTitle Row\u00a0\u00bb _builder_version=\u00a0\u00bb4.16&Prime; custom_margin=\u00a0\u00bb|auto|-140px|auto||\u00a0\u00bb global_colors_info=\u00a0\u00bb{}\u00a0\u00bb][et_pb_column type=\u00a0\u00bb2_3&Prime; _builder_version=\u00a0\u00bb4.16&Prime; custom_padding=\u00a0\u00bb|||\u00a0\u00bb global_colors_info=\u00a0\u00bb{}\u00a0\u00bb custom_padding__hover=\u00a0\u00bb|||\u00a0\u00bb][et_pb_text _builder_version=\u00a0\u00bb4.18.0&Prime; _module_preset=\u00a0\u00bbdefault\u00a0\u00bb header_3_font=\u00a0\u00bbOldenburg||||||||\u00a0\u00bb header_3_text_align=\u00a0\u00bbcenter\u00a0\u00bb header_3_text_color=\u00a0\u00bb#0C71C3&Prime; transform_translate=\u00a0\u00bb-140px|0px\u00a0\u00bb transform_translate_linked=\u00a0\u00bboff\u00a0\u00bb custom_margin=\u00a0\u00bb-4px||6px|||\u00a0\u00bb global_colors_info=\u00a0\u00bb{}\u00a0\u00bb]<\/p>\n<h3>Bro Glaz Kernic\u00a0:<\/h3>\n<p>[\/et_pb_text][\/et_pb_column][et_pb_column type=\u00a0\u00bb1_3&Prime; _builder_version=\u00a0\u00bb4.16&Prime; custom_padding=\u00a0\u00bb|||\u00a0\u00bb global_colors_info=\u00a0\u00bb{}\u00a0\u00bb custom_padding__hover=\u00a0\u00bb|||\u00a0\u00bb][et_pb_image src=\u00a0\u00bbhttp:\/\/ecolesacrecoeurtreflez.fr\/wp-content\/uploads\/2024\/08\/Capture-decran-2024-08-22-a-21.34.52.png\u00a0\u00bb title_text=\u00a0\u00bbCapture d\u2019\u00e9cran 2024-08-22 \u00e0 21.34.52&Prime; _builder_version=\u00a0\u00bb4.18.0&Prime; _module_preset=\u00a0\u00bbdefault\u00a0\u00bb transform_translate=\u00a0\u00bb0px|-71px\u00a0\u00bb transform_translate_linked=\u00a0\u00bboff\u00a0\u00bb custom_margin=\u00a0\u00bb||-56px|||\u00a0\u00bb global_colors_info=\u00a0\u00bb{}\u00a0\u00bb][\/et_pb_image][\/et_pb_column][\/et_pb_row][et_pb_row _builder_version=\u00a0\u00bb4.18.0&Prime; _module_preset=\u00a0\u00bbdefault\u00a0\u00bb global_colors_info=\u00a0\u00bb{}\u00a0\u00bb][et_pb_column type=\u00a0\u00bb4_4&Prime; _builder_version=\u00a0\u00bb4.18.0&Prime; _module_preset=\u00a0\u00bbdefault\u00a0\u00bb global_colors_info=\u00a0\u00bb{}\u00a0\u00bb][et_pb_text _builder_version=\u00a0\u00bb4.18.0&Prime; _module_preset=\u00a0\u00bbdefault\u00a0\u00bb global_colors_info=\u00a0\u00bb{}\u00a0\u00bb]<\/p>\n<p>\u00a0 \u00a0 Bro Glaz Kernic : un territoire dynamique qui regroupe cinq \u00e9coles et un coll\u00e8ge du r\u00e9seau des \u00e9tablissements scolaires de l\u2019Enseignement Catholique du Finist\u00e8re. Vous y trouvez les \u00e9coles \u00ab Sainte Th\u00e9r\u00e8se \u00bb de Lanhouarneau, \u00ab Notre Dame du Sacr\u00e9 C\u0153ur \u00bb de Tr\u00e9flez, \u00ab Sainte Famille \u00bb de Ploun\u00e9vez-Lochrist, \u00ab Sainte Th\u00e9r\u00e8se \u00bb de Plouz\u00e9v\u00e9d\u00e9, \u00ab Notre Dame des Victoires \u00bb de Plouescat et le coll\u00e8ge \u00ab Saint Joseph \u00bb de Plouescat.<\/p>\n<p>\u00a0 \u00a0 \u00a0Nos \u00e9tablissements accueillent 850 \u00e9l\u00e8ves de la maternelle \u00e0 la 3 \u00e8me . Nous avons la volont\u00e9 forte de travailler ensemble. Ainsi, nous \u00e9laborons des projets communs entre \u00e9l\u00e8ves, mais aussi entre \u00e9quipes \u00e9ducatives.\u00a0 \u00a0 \u00a0<\/p>\n<p>[\/et_pb_text][et_pb_text _builder_version=\u00a0\u00bb4.18.0&Prime; _module_preset=\u00a0\u00bbdefault\u00a0\u00bb global_colors_info=\u00a0\u00bb{}\u00a0\u00bb]<\/p>\n<p>En 2022\/2023, les \u00e9quipes \u00e9ducatives ont travaill\u00e9 ensemble sur le th\u00e8me de l\u2019attention. Les \u00e9l\u00e8ves de CM2 et de 6\u00e8me se sont retrouv\u00e9s autour d\u2019un projet commun pour d\u00e9couvrir le patrimoine burkinab\u00e9, projet qui a permis de r\u00e9colter des fonds et de financer des trousses de sant\u00e9, des postes d\u2019eau et un jardin scolaire au Burkina, par l\u2019interm\u00e9diaire de l\u2019association ADB (Association pour le D\u00e9veloppement du Boulkiemd\u00e9).<\/p>\n<p>[\/et_pb_text][et_pb_text _builder_version=\u00a0\u00bb4.18.0&Prime; _module_preset=\u00a0\u00bbdefault\u00a0\u00bb global_colors_info=\u00a0\u00bb{}\u00a0\u00bb]Nous avons \u00e0 c\u0153ur d\u2019ouvrir chaque \u00e9l\u00e8ve aux autres et sur le monde, et nous sommes \u00e9galement attach\u00e9es \u00e0 nos racines, nos traditions et notre identit\u00e9. Nous avons choisi de nommer notre Territoire, \u00ab Bro Glaz Kernic \u00bb, en r\u00e9f\u00e9rence \u00e0 notre pays situ\u00e9 entre terre et mer. \u00ab Bro \u00bb signifie pays en breton et \u00ab Glaz \u00bb est la couleur bleu-vert, couleur de la mer, du ciel et de la nature. \u00ab Kernic \u00bb comme la baie du m\u00eame nom, ce qui permet de nous situer dans le d\u00e9partement du Finist\u00e8re.[\/et_pb_text][\/et_pb_column][\/et_pb_row][\/et_pb_section]<\/p>\n","protected":false},"excerpt":{"rendered":"<p>Bro Glaz Kernic\u00a0:\u00a0 \u00a0 Bro Glaz Kernic : un territoire dynamique qui regroupe cinq \u00e9coles et un coll\u00e8ge du r\u00e9seau des \u00e9tablissements scolaires de l\u2019Enseignement Catholique du Finist\u00e8re. Vous y trouvez les \u00e9coles \u00ab Sainte Th\u00e9r\u00e8se \u00bb de Lanhouarneau, \u00ab Notre Dame du Sacr\u00e9 C\u0153ur \u00bb de Tr\u00e9flez, \u00ab Sainte Famille \u00bb de Ploun\u00e9vez-Lochrist, \u00ab [&hellip;]<\/p>\n","protected":false},"author":1,"featured_media":0,"parent":0,"menu_order":0,"comment_status":"closed","ping_status":"closed","template":"","meta":{"_et_pb_use_builder":"on","_et_pb_old_content":"","_et_gb_content_width":"","footnotes":""},"class_list":["post-85","page","type-page","status-publish","hentry"],"_links":{"self":[{"href":"https:\/\/ecolesacrecoeurtreflez.fr\/index.php?rest_route=\/wp\/v2\/pages\/85","targetHints":{"allow":["GET"]}}],"collection":[{"href":"https:\/\/ecolesacrecoeurtreflez.fr\/index.php?rest_route=\/wp\/v2\/pages"}],"about":[{"href":"https:\/\/ecolesacrecoeurtreflez.fr\/index.php?rest_route=\/wp\/v2\/types\/page"}],"author":[{"embeddable":true,"href":"https:\/\/ecolesacrecoeurtreflez.fr\/index.php?rest_route=\/wp\/v2\/users\/1"}],"replies":[{"embeddable":true,"href":"https:\/\/ecolesacrecoeurtreflez.fr\/index.php?rest_route=%2Fwp%2Fv2%2Fcomments&post=85"}],"version-history":[{"count":8,"href":"https:\/\/ecolesacrecoeurtreflez.fr\/index.php?rest_route=\/wp\/v2\/pages\/85\/revisions"}],"predecessor-version":[{"id":6193,"href":"https:\/\/ecolesacrecoeurtreflez.fr\/index.php?rest_route=\/wp\/v2\/pages\/85\/revisions\/6193"}],"wp:attachment":[{"href":"https:\/\/ecolesacrecoeurtreflez.fr\/index.php?rest_route=%2Fwp%2Fv2%2Fmedia&parent=85"}],"curies":[{"name":"wp","href":"https:\/\/api.w.org\/{rel}","templated":true}]}}