{"id":88,"date":"2022-12-09T16:04:44","date_gmt":"2022-12-09T15:04:44","guid":{"rendered":"http:\/\/ecolesacrecoeurtreflez.fr\/?page_id=88"},"modified":"2026-02-05T21:27:37","modified_gmt":"2026-02-05T20:27:37","slug":"la-quinzaine-intercommunale","status":"publish","type":"page","link":"https:\/\/ecolesacrecoeurtreflez.fr\/?page_id=88","title":{"rendered":"La quinzaine intercommunale"},"content":{"rendered":"<p>[et_pb_section fb_built=\u00a0\u00bb1&Prime; fullwidth=\u00a0\u00bbon\u00a0\u00bb admin_label=\u00a0\u00bbHero\u00a0\u00bb _builder_version=\u00a0\u00bb4.18.0&Prime; use_background_color_gradient=\u00a0\u00bbon\u00a0\u00bb background_color_gradient_direction=\u00a0\u00bb90deg\u00a0\u00bb background_color_gradient_stops=\u00a0\u00bb#eeeff2 42%|rgba(238,239,242,0) 91%\u00a0\u00bb background_color_gradient_overlays_image=\u00a0\u00bbon\u00a0\u00bb background_color_gradient_start=\u00a0\u00bb#eeeff2&Prime; background_color_gradient_start_position=\u00a0\u00bb33%\u00a0\u00bb background_color_gradient_end=\u00a0\u00bbrgba(238,239,242,0)\u00a0\u00bb background_color_gradient_end_position=\u00a0\u00bb52%\u00a0\u00bb background_enable_image=\u00a0\u00bboff\u00a0\u00bb background_size=\u00a0\u00bbinitial\u00a0\u00bb background_position=\u00a0\u00bbcenter_right\u00a0\u00bb global_colors_info=\u00a0\u00bb{}\u00a0\u00bb][et_pb_fullwidth_header subhead=\u00a0\u00bbQuinzaine intercommunale\u00a0\u00bb content_max_width=\u00a0\u00bb600px\u00a0\u00bb _builder_version=\u00a0\u00bb4.18.0&Prime; title_font=\u00a0\u00bbRubik|700||on|||||\u00a0\u00bb title_text_color=\u00a0\u00bb#ff7355&Prime; title_font_size=\u00a0\u00bb16px\u00a0\u00bb title_letter_spacing=\u00a0\u00bb5px\u00a0\u00bb title_line_height=\u00a0\u00bb0.5em\u00a0\u00bb content_font=\u00a0\u00bbRubik||||||||\u00a0\u00bb content_font_size=\u00a0\u00bb18px\u00a0\u00bb subhead_font=\u00a0\u00bbOldenburg|700|||||||\u00a0\u00bb subhead_text_color=\u00a0\u00bb#E09900&Prime; subhead_font_size=\u00a0\u00bb40px\u00a0\u00bb subhead_line_height=\u00a0\u00bb1.5em\u00a0\u00bb background_color=\u00a0\u00bbrgba(255,255,255,0)\u00a0\u00bb use_background_color_gradient=\u00a0\u00bbon\u00a0\u00bb background_color_gradient_stops=\u00a0\u00bbrgba(255,255,255,0) 50%|rgba(255,255,255,0.7) 100%\u00a0\u00bb background_color_gradient_start=\u00a0\u00bbrgba(255,255,255,0)\u00a0\u00bb background_color_gradient_start_position=\u00a0\u00bb50%\u00a0\u00bb background_color_gradient_end=\u00a0\u00bbrgba(255,255,255,0.7)\u00a0\u00bb background_size=\u00a0\u00bbcontain\u00a0\u00bb background_position=\u00a0\u00bbbottom_center\u00a0\u00bb custom_button_one=\u00a0\u00bbon\u00a0\u00bb button_one_text_size=\u00a0\u00bb16px\u00a0\u00bb button_one_text_color=\u00a0\u00bb#ffffff\u00a0\u00bb button_one_bg_color=\u00a0\u00bb#ff7355&Prime; button_one_border_width=\u00a0\u00bb15px\u00a0\u00bb button_one_border_color=\u00a0\u00bbrgba(210,159,104,0)\u00a0\u00bb button_one_border_radius=\u00a0\u00bb100px\u00a0\u00bb button_one_letter_spacing=\u00a0\u00bb0px\u00a0\u00bb button_one_font=\u00a0\u00bbRubik|700|||||||\u00a0\u00bb button_one_use_icon=\u00a0\u00bboff\u00a0\u00bb custom_button_two=\u00a0\u00bbon\u00a0\u00bb button_two_text_size=\u00a0\u00bb16px\u00a0\u00bb button_two_text_color=\u00a0\u00bb#ffffff\u00a0\u00bb button_two_bg_color=\u00a0\u00bbrgba(0,0,0,0.6)\u00a0\u00bb button_two_border_width=\u00a0\u00bb15px\u00a0\u00bb button_two_border_color=\u00a0\u00bbrgba(210,159,104,0)\u00a0\u00bb button_two_border_radius=\u00a0\u00bb100px\u00a0\u00bb button_two_letter_spacing=\u00a0\u00bb0px\u00a0\u00bb button_two_font=\u00a0\u00bbRubik|700|||||||\u00a0\u00bb button_two_use_icon=\u00a0\u00bboff\u00a0\u00bb background_layout=\u00a0\u00bblight\u00a0\u00bb max_width_last_edited=\u00a0\u00bboff|desktop\u00a0\u00bb module_alignment=\u00a0\u00bbcenter\u00a0\u00bb custom_margin=\u00a0\u00bb|||\u00a0\u00bb custom_padding=\u00a0\u00bb8vw||4vw|\u00a0\u00bb subhead_font_size_tablet=\u00a0\u00bb\u00a0\u00bb subhead_font_size_phone=\u00a0\u00bb30px\u00a0\u00bb subhead_font_size_last_edited=\u00a0\u00bbon|phone\u00a0\u00bb button_one_border_radius_hover=\u00a0\u00bb100px\u00a0\u00bb button_two_border_radius_hover=\u00a0\u00bb100px\u00a0\u00bb button_one_bg_color_hover=\u00a0\u00bb#ff8a70&Prime; button_two_bg_color_hover=\u00a0\u00bb#ff8a70&Prime; global_colors_info=\u00a0\u00bb{}\u00a0\u00bb button_one_text_size__hover_enabled=\u00a0\u00bboff\u00a0\u00bb button_two_text_size__hover_enabled=\u00a0\u00bboff\u00a0\u00bb button_one_text_color__hover_enabled=\u00a0\u00bboff\u00a0\u00bb button_two_text_color__hover_enabled=\u00a0\u00bboff\u00a0\u00bb button_one_border_width__hover_enabled=\u00a0\u00bboff\u00a0\u00bb button_two_border_width__hover_enabled=\u00a0\u00bboff\u00a0\u00bb button_one_border_color__hover_enabled=\u00a0\u00bboff\u00a0\u00bb button_two_border_color__hover_enabled=\u00a0\u00bboff\u00a0\u00bb button_one_border_radius__hover_enabled=\u00a0\u00bbon\u00a0\u00bb button_one_border_radius__hover=\u00a0\u00bb100px\u00a0\u00bb button_two_border_radius__hover_enabled=\u00a0\u00bbon\u00a0\u00bb button_two_border_radius__hover=\u00a0\u00bb100px\u00a0\u00bb button_one_letter_spacing__hover_enabled=\u00a0\u00bboff\u00a0\u00bb button_two_letter_spacing__hover_enabled=\u00a0\u00bboff\u00a0\u00bb button_one_bg_color__hover_enabled=\u00a0\u00bbon\u00a0\u00bb button_one_bg_color__hover=\u00a0\u00bb#ff8a70&Prime; button_two_bg_color__hover_enabled=\u00a0\u00bbon\u00a0\u00bb button_two_bg_color__hover=\u00a0\u00bb#ff8a70&Prime;][\/et_pb_fullwidth_header][\/et_pb_section][et_pb_section fb_built=\u00a0\u00bb1&Prime; _builder_version=\u00a0\u00bb4.18.0&Prime; _module_preset=\u00a0\u00bbdefault\u00a0\u00bb global_colors_info=\u00a0\u00bb{}\u00a0\u00bb][et_pb_row _builder_version=\u00a0\u00bb4.18.0&Prime; _module_preset=\u00a0\u00bbdefault\u00a0\u00bb hover_enabled=\u00a0\u00bb0&Prime; global_colors_info=\u00a0\u00bb{}\u00a0\u00bb sticky_enabled=\u00a0\u00bb0&Prime;][et_pb_column type=\u00a0\u00bb4_4&Prime; _builder_version=\u00a0\u00bb4.18.0&Prime; _module_preset=\u00a0\u00bbdefault\u00a0\u00bb global_colors_info=\u00a0\u00bb{}\u00a0\u00bb][et_pb_text _builder_version=\u00a0\u00bb4.18.0&Prime; _module_preset=\u00a0\u00bbdefault\u00a0\u00bb header_3_font=\u00a0\u00bbOldenburg||||||||\u00a0\u00bb header_3_text_align=\u00a0\u00bbcenter\u00a0\u00bb header_3_text_color=\u00a0\u00bb#0C71C3&Prime; custom_margin=\u00a0\u00bb-4px||6px|||\u00a0\u00bb global_colors_info=\u00a0\u00bb{}\u00a0\u00bb]<\/p>\n<h3 style=\"text-align: left;\">Le th\u00e8me de l&rsquo;ann\u00e9e 2026 est \u00ab\u00a0le recyclage c&rsquo;est bon pour ta plan\u00e8te\u00a0\u00bb<\/h3>\n<p>[\/et_pb_text][\/et_pb_column][\/et_pb_row][et_pb_row _builder_version=\u00a0\u00bb4.18.0&Prime; _module_preset=\u00a0\u00bbdefault\u00a0\u00bb hover_enabled=\u00a0\u00bb0&Prime; global_colors_info=\u00a0\u00bb{}\u00a0\u00bb custom_padding=\u00a0\u00bb|||12px||\u00a0\u00bb sticky_enabled=\u00a0\u00bb0&Prime;][et_pb_column type=\u00a0\u00bb4_4&Prime; _builder_version=\u00a0\u00bb4.18.0&Prime; _module_preset=\u00a0\u00bbdefault\u00a0\u00bb global_colors_info=\u00a0\u00bb{}\u00a0\u00bb][et_pb_text _builder_version=\u00a0\u00bb4.18.0&Prime; _module_preset=\u00a0\u00bbdefault\u00a0\u00bb hover_enabled=\u00a0\u00bb0&Prime; global_colors_info=\u00a0\u00bb{}\u00a0\u00bb sticky_enabled=\u00a0\u00bb0&Prime;]<\/p>\n<p>Du 23 janvier au 6 f\u00e9vrier, \u00e0 l&rsquo;occasion de la quinzaine intercommunale avec les communes de Lanhouarneau et Plounevez Lochrist, tous les enfants de l&rsquo;\u00e9cole se sont initi\u00e9s \u00e0 la cr\u00e9ation \u00e0 base de recyclage : cochons en papier m\u00e2ch\u00e9 et chenilles en boite d&rsquo;oeufs pour les cycles 1, marionnettes en chaussettes et animaux en pneus pour les cycles 2 , puis villes en r\u00e9cup pour les cycles 3. De vrais artistes en herbe !<\/p>\n<p><img loading=\"lazy\" decoding=\"async\" src=\"http:\/\/ecolesacrecoeurtreflez.fr\/wp-content\/uploads\/2026\/02\/WhatsApp-Image-2026-02-04-at-19.48.38-1-300x225.jpeg\" width=\"300\" height=\"225\" alt=\"\" class=\"wp-image-6633 alignnone size-medium\" \/> <img loading=\"lazy\" decoding=\"async\" src=\"http:\/\/ecolesacrecoeurtreflez.fr\/wp-content\/uploads\/2026\/02\/WhatsApp-Image-2026-02-04-at-19.48.38-2-300x225.jpeg\" width=\"300\" height=\"225\" alt=\"\" class=\"wp-image-6632 alignnone size-medium\" \/> <img loading=\"lazy\" decoding=\"async\" src=\"http:\/\/ecolesacrecoeurtreflez.fr\/wp-content\/uploads\/2026\/02\/WhatsApp-Image-2026-02-04-at-19.48.39-300x225.jpeg\" width=\"300\" height=\"225\" alt=\"\" class=\"wp-image-6631 alignnone size-medium\" \/> <img loading=\"lazy\" decoding=\"async\" src=\"http:\/\/ecolesacrecoeurtreflez.fr\/wp-content\/uploads\/2026\/02\/WhatsApp-Image-2026-02-04-at-19.48.45-225x300.jpeg\" width=\"225\" height=\"300\" alt=\"\" class=\"wp-image-6630 alignnone size-medium\" \/> <img loading=\"lazy\" decoding=\"async\" src=\"http:\/\/ecolesacrecoeurtreflez.fr\/wp-content\/uploads\/2026\/02\/WhatsApp-Image-2026-02-04-at-19.48.45-1-300x225.jpeg\" width=\"300\" height=\"225\" alt=\"\" class=\"wp-image-6629 alignnone size-medium\" \/> <img loading=\"lazy\" decoding=\"async\" src=\"http:\/\/ecolesacrecoeurtreflez.fr\/wp-content\/uploads\/2026\/02\/WhatsApp-Image-2026-02-04-at-19.48.57-300x225.jpeg\" width=\"300\" height=\"225\" alt=\"\" class=\"wp-image-6628 alignnone size-medium\" \/> <img loading=\"lazy\" decoding=\"async\" src=\"http:\/\/ecolesacrecoeurtreflez.fr\/wp-content\/uploads\/2026\/02\/WhatsApp-Image-2026-02-04-at-19.48.57-1-300x225.jpeg\" width=\"300\" height=\"225\" alt=\"\" class=\"wp-image-6627 alignnone size-medium\" \/> <img loading=\"lazy\" decoding=\"async\" src=\"http:\/\/ecolesacrecoeurtreflez.fr\/wp-content\/uploads\/2026\/02\/WhatsApp-Image-2026-02-04-at-19.48.57-2-300x225.jpeg\" width=\"300\" height=\"225\" alt=\"\" class=\"wp-image-6626 alignnone size-medium\" \/> <img loading=\"lazy\" decoding=\"async\" src=\"http:\/\/ecolesacrecoeurtreflez.fr\/wp-content\/uploads\/2026\/02\/WhatsApp-Image-2026-02-04-at-19.48.58-2-300x225.jpeg\" width=\"300\" height=\"225\" alt=\"\" class=\"wp-image-6623 alignnone size-medium\" \/> <img loading=\"lazy\" decoding=\"async\" src=\"http:\/\/ecolesacrecoeurtreflez.fr\/wp-content\/uploads\/2026\/02\/WhatsApp-Image-2026-02-04-at-19.48.59-225x300.jpeg\" width=\"225\" height=\"300\" alt=\"\" class=\"wp-image-6622 alignnone size-medium\" \/> <img loading=\"lazy\" decoding=\"async\" src=\"http:\/\/ecolesacrecoeurtreflez.fr\/wp-content\/uploads\/2026\/02\/WhatsApp-Image-2026-02-04-at-19.49.00-2-300x225.jpeg\" width=\"300\" height=\"225\" alt=\"\" class=\"wp-image-6616 alignnone size-medium\" \/> <img loading=\"lazy\" decoding=\"async\" src=\"http:\/\/ecolesacrecoeurtreflez.fr\/wp-content\/uploads\/2026\/02\/WhatsApp-Image-2026-02-04-at-19.49.00-1-300x225.jpeg\" width=\"300\" height=\"225\" alt=\"\" class=\"wp-image-6617 alignnone size-medium\" \/> <img loading=\"lazy\" decoding=\"async\" src=\"http:\/\/ecolesacrecoeurtreflez.fr\/wp-content\/uploads\/2026\/02\/WhatsApp-Image-2026-02-04-at-19.48.59-3-225x300.jpeg\" width=\"225\" height=\"300\" alt=\"\" class=\"wp-image-6619 alignnone size-medium\" \/> <img loading=\"lazy\" decoding=\"async\" src=\"http:\/\/ecolesacrecoeurtreflez.fr\/wp-content\/uploads\/2026\/02\/WhatsApp-Image-2026-02-04-at-19.48.59-2-225x300.jpeg\" width=\"225\" height=\"300\" alt=\"\" class=\"wp-image-6620 alignnone size-medium\" \/> <img loading=\"lazy\" decoding=\"async\" src=\"http:\/\/ecolesacrecoeurtreflez.fr\/wp-content\/uploads\/2026\/02\/WhatsApp-Image-2026-02-04-at-19.48.59-1-300x225.jpeg\" width=\"300\" height=\"225\" alt=\"\" class=\"wp-image-6621 alignnone size-medium\" \/> <img loading=\"lazy\" decoding=\"async\" src=\"http:\/\/ecolesacrecoeurtreflez.fr\/wp-content\/uploads\/2026\/02\/WhatsApp-Image-2026-02-04-at-19.49.01-300x225.jpeg\" width=\"300\" height=\"225\" alt=\"\" class=\"wp-image-6615 alignnone size-medium\" \/> <img loading=\"lazy\" decoding=\"async\" src=\"http:\/\/ecolesacrecoeurtreflez.fr\/wp-content\/uploads\/2026\/02\/WhatsApp-Image-2026-02-04-at-19.49.01-2-226x300.jpeg\" width=\"226\" height=\"300\" alt=\"\" class=\"wp-image-6613 alignnone size-medium\" \/> <img loading=\"lazy\" decoding=\"async\" src=\"http:\/\/ecolesacrecoeurtreflez.fr\/wp-content\/uploads\/2026\/02\/WhatsApp-Image-2026-02-04-at-19.49.01-3-226x300.jpeg\" width=\"226\" height=\"300\" alt=\"\" class=\"wp-image-6612 alignnone size-medium\" \/> <img loading=\"lazy\" decoding=\"async\" src=\"http:\/\/ecolesacrecoeurtreflez.fr\/wp-content\/uploads\/2026\/02\/WhatsApp-Image-2026-02-04-at-19.49.02-226x300.jpeg\" width=\"226\" height=\"300\" alt=\"\" class=\"wp-image-6611 alignnone size-medium\" \/><\/p>\n<p>[\/et_pb_text][\/et_pb_column][\/et_pb_row][et_pb_row _builder_version=\u00a0\u00bb4.18.0&Prime; _module_preset=\u00a0\u00bbdefault\u00a0\u00bb global_colors_info=\u00a0\u00bb{}\u00a0\u00bb][et_pb_column type=\u00a0\u00bb4_4&Prime; _builder_version=\u00a0\u00bb4.18.0&Prime; _module_preset=\u00a0\u00bbdefault\u00a0\u00bb global_colors_info=\u00a0\u00bb{}\u00a0\u00bb][et_pb_text _builder_version=\u00a0\u00bb4.18.0&Prime; _module_preset=\u00a0\u00bbdefault\u00a0\u00bb hover_enabled=\u00a0\u00bb0&Prime; global_colors_info=\u00a0\u00bb{}\u00a0\u00bb sticky_enabled=\u00a0\u00bb0&Prime;]<\/p>\n<p><strong>Dans ce m\u00eame cadre, les cycles 3 ont b\u00e9n\u00e9fici\u00e9 de l&rsquo;intervention de Triporteur de Plou\u00e9dern le jeudi 29 janvier, pour une sensibilisation au tri et r\u00e9alisation de cadre et porte cl\u00e9s \u00e0 base d&rsquo;objets recycl\u00e9s. Merci \u00e0 l&rsquo;\u00e9quipe du triporteur et \u00e0 l&rsquo;assosication Ensemble pour l&rsquo;organisation !<\/strong><\/p>\n<p><img loading=\"lazy\" decoding=\"async\" src=\"http:\/\/ecolesacrecoeurtreflez.fr\/wp-content\/uploads\/2026\/02\/WhatsApp-Image-2026-02-04-at-19.53.49-225x300.jpeg\" width=\"225\" height=\"300\" alt=\"\" class=\"wp-image-6601 alignnone size-medium\" \/> <img loading=\"lazy\" decoding=\"async\" src=\"http:\/\/ecolesacrecoeurtreflez.fr\/wp-content\/uploads\/2026\/02\/WhatsApp-Image-2026-02-04-at-19.53.47-1-225x300.jpeg\" width=\"225\" height=\"300\" alt=\"\" class=\"wp-image-6603 alignnone size-medium\" \/> <img loading=\"lazy\" decoding=\"async\" src=\"http:\/\/ecolesacrecoeurtreflez.fr\/wp-content\/uploads\/2026\/02\/WhatsApp-Image-2026-02-04-at-19.53.42-1-300x225.jpeg\" width=\"300\" height=\"225\" alt=\"\" class=\"wp-image-6607 alignnone size-medium\" \/> <img loading=\"lazy\" decoding=\"async\" src=\"http:\/\/ecolesacrecoeurtreflez.fr\/wp-content\/uploads\/2026\/02\/WhatsApp-Image-2026-02-04-at-19.53.46-225x300.jpeg\" width=\"225\" height=\"300\" alt=\"\" class=\"wp-image-6606 alignnone size-medium\" \/> <img loading=\"lazy\" decoding=\"async\" src=\"http:\/\/ecolesacrecoeurtreflez.fr\/wp-content\/uploads\/2026\/02\/WhatsApp-Image-2026-02-04-at-19.53.46-1-300x225.jpeg\" width=\"300\" height=\"225\" alt=\"\" class=\"wp-image-6605 alignnone size-medium\" \/> <img loading=\"lazy\" decoding=\"async\" src=\"http:\/\/ecolesacrecoeurtreflez.fr\/wp-content\/uploads\/2026\/02\/WhatsApp-Image-2026-02-04-at-19.53.47-225x300.jpeg\" width=\"225\" height=\"300\" alt=\"\" class=\"wp-image-6604 alignnone size-medium\" \/> <img loading=\"lazy\" decoding=\"async\" src=\"http:\/\/ecolesacrecoeurtreflez.fr\/wp-content\/uploads\/2026\/02\/WhatsApp-Image-2026-02-04-at-19.53.26-300x225.jpeg\" width=\"300\" height=\"225\" alt=\"\" class=\"wp-image-6610 alignnone size-medium\" \/><img loading=\"lazy\" decoding=\"async\" src=\"http:\/\/ecolesacrecoeurtreflez.fr\/wp-content\/uploads\/2026\/02\/WhatsApp-Image-2026-02-04-at-19.54.05-2-300x225.jpeg\" width=\"300\" height=\"225\" alt=\"\" class=\"wp-image-6639 alignnone size-medium\" \/> <img loading=\"lazy\" decoding=\"async\" src=\"http:\/\/ecolesacrecoeurtreflez.fr\/wp-content\/uploads\/2026\/02\/WhatsApp-Image-2026-02-04-at-19.54.05-1-225x300.jpeg\" width=\"225\" height=\"300\" alt=\"\" class=\"wp-image-6640 alignnone size-medium\" \/> <img loading=\"lazy\" decoding=\"async\" src=\"http:\/\/ecolesacrecoeurtreflez.fr\/wp-content\/uploads\/2026\/02\/WhatsApp-Image-2026-02-04-at-19.54.05-225x300.jpeg\" width=\"225\" height=\"300\" alt=\"\" class=\"wp-image-6641 alignnone size-medium\" \/> <img loading=\"lazy\" decoding=\"async\" src=\"http:\/\/ecolesacrecoeurtreflez.fr\/wp-content\/uploads\/2026\/02\/WhatsApp-Image-2026-02-04-at-19.54.04-2-300x225.jpeg\" width=\"300\" height=\"225\" alt=\"\" class=\"wp-image-6642 alignnone size-medium\" \/> <img loading=\"lazy\" decoding=\"async\" src=\"http:\/\/ecolesacrecoeurtreflez.fr\/wp-content\/uploads\/2026\/02\/WhatsApp-Image-2026-02-04-at-19.54.04-1-225x300.jpeg\" width=\"225\" height=\"300\" alt=\"\" class=\"wp-image-6643 alignnone size-medium\" \/> <img loading=\"lazy\" decoding=\"async\" src=\"http:\/\/ecolesacrecoeurtreflez.fr\/wp-content\/uploads\/2026\/02\/WhatsApp-Image-2026-02-04-at-19.54.04-300x225.jpeg\" width=\"300\" height=\"225\" alt=\"\" class=\"wp-image-6644 alignnone size-medium\" \/> <img loading=\"lazy\" decoding=\"async\" src=\"http:\/\/ecolesacrecoeurtreflez.fr\/wp-content\/uploads\/2026\/02\/WhatsApp-Image-2026-02-04-at-19.54.03-300x225.jpeg\" width=\"300\" height=\"225\" alt=\"\" class=\"wp-image-6645 alignnone size-medium\" \/> <img loading=\"lazy\" decoding=\"async\" src=\"http:\/\/ecolesacrecoeurtreflez.fr\/wp-content\/uploads\/2026\/02\/WhatsApp-Image-2026-02-04-at-19.54.02-300x225.jpeg\" width=\"300\" height=\"225\" alt=\"\" class=\"wp-image-6646 alignnone size-medium\" \/> <img loading=\"lazy\" decoding=\"async\" src=\"http:\/\/ecolesacrecoeurtreflez.fr\/wp-content\/uploads\/2026\/02\/WhatsApp-Image-2026-02-04-at-19.53.49-1-225x300.jpeg\" width=\"225\" height=\"300\" alt=\"\" class=\"wp-image-6647 alignnone size-medium\" \/> <img loading=\"lazy\" decoding=\"async\" src=\"http:\/\/ecolesacrecoeurtreflez.fr\/wp-content\/uploads\/2026\/02\/WhatsApp-Image-2026-02-04-at-19.53.49-2-225x300.jpeg\" width=\"225\" height=\"300\" alt=\"\" class=\"wp-image-6648 alignnone size-medium\" \/> <img loading=\"lazy\" decoding=\"async\" src=\"http:\/\/ecolesacrecoeurtreflez.fr\/wp-content\/uploads\/2026\/02\/WhatsApp-Image-2026-02-04-at-19.53.48-2-1-225x300.jpeg\" width=\"225\" height=\"300\" alt=\"\" class=\"wp-image-6649 alignnone size-medium\" \/> <img loading=\"lazy\" decoding=\"async\" src=\"http:\/\/ecolesacrecoeurtreflez.fr\/wp-content\/uploads\/2026\/02\/WhatsApp-Image-2026-02-04-at-19.53.48-1-225x300.jpeg\" width=\"225\" height=\"300\" alt=\"\" class=\"wp-image-6650 alignnone size-medium\" \/> <img loading=\"lazy\" decoding=\"async\" src=\"http:\/\/ecolesacrecoeurtreflez.fr\/wp-content\/uploads\/2026\/02\/WhatsApp-Image-2026-02-04-at-19.53.48-225x300.jpeg\" width=\"225\" height=\"300\" alt=\"\" class=\"wp-image-6651 alignnone size-medium\" \/> <img loading=\"lazy\" decoding=\"async\" src=\"http:\/\/ecolesacrecoeurtreflez.fr\/wp-content\/uploads\/2026\/02\/WhatsApp-Image-2026-02-04-at-19.53.47-2-225x300.jpeg\" width=\"225\" height=\"300\" alt=\"\" class=\"wp-image-6652 alignnone size-medium\" \/> <img loading=\"lazy\" decoding=\"async\" src=\"http:\/\/ecolesacrecoeurtreflez.fr\/wp-content\/uploads\/2026\/02\/WhatsApp-Image-2026-02-04-at-19.53.47-1-1-225x300.jpeg\" width=\"225\" height=\"300\" alt=\"\" class=\"wp-image-6653 alignnone size-medium\" \/> <img loading=\"lazy\" decoding=\"async\" src=\"http:\/\/ecolesacrecoeurtreflez.fr\/wp-content\/uploads\/2026\/02\/WhatsApp-Image-2026-02-04-at-19.53.47-3-225x300.jpeg\" width=\"225\" height=\"300\" alt=\"\" class=\"wp-image-6654 alignnone size-medium\" \/> <img loading=\"lazy\" decoding=\"async\" src=\"http:\/\/ecolesacrecoeurtreflez.fr\/wp-content\/uploads\/2026\/02\/WhatsApp-Image-2026-02-04-at-19.53.46-1-1-300x225.jpeg\" width=\"300\" height=\"225\" alt=\"\" class=\"wp-image-6655 alignnone size-medium\" \/> <img loading=\"lazy\" decoding=\"async\" src=\"http:\/\/ecolesacrecoeurtreflez.fr\/wp-content\/uploads\/2026\/02\/WhatsApp-Image-2026-02-04-at-19.53.46-2-225x300.jpeg\" width=\"225\" height=\"300\" alt=\"\" class=\"wp-image-6656 alignnone size-medium\" \/> <img loading=\"lazy\" decoding=\"async\" src=\"http:\/\/ecolesacrecoeurtreflez.fr\/wp-content\/uploads\/2026\/02\/WhatsApp-Image-2026-02-04-at-19.53.42-1-1-300x225.jpeg\" width=\"300\" height=\"225\" alt=\"\" class=\"wp-image-6657 alignnone size-medium\" \/> <img loading=\"lazy\" decoding=\"async\" src=\"http:\/\/ecolesacrecoeurtreflez.fr\/wp-content\/uploads\/2026\/02\/WhatsApp-Image-2026-02-04-at-19.53.42-2-300x225.jpeg\" width=\"300\" height=\"225\" alt=\"\" class=\"wp-image-6658 alignnone size-medium\" \/> <img loading=\"lazy\" decoding=\"async\" src=\"http:\/\/ecolesacrecoeurtreflez.fr\/wp-content\/uploads\/2026\/02\/WhatsApp-Image-2026-02-04-at-19.53.41-1-225x300.jpeg\" width=\"225\" height=\"300\" alt=\"\" class=\"wp-image-6659 alignnone size-medium\" \/> <img loading=\"lazy\" decoding=\"async\" src=\"http:\/\/ecolesacrecoeurtreflez.fr\/wp-content\/uploads\/2026\/02\/WhatsApp-Image-2026-02-04-at-19.53.26-1-300x225.jpeg\" width=\"300\" height=\"225\" alt=\"\" class=\"wp-image-6660 alignnone size-medium\" \/><\/p>\n<p>[\/et_pb_text][\/et_pb_column][\/et_pb_row][\/et_pb_section][et_pb_section fb_built=\u00a0\u00bb1&Prime; _builder_version=\u00a0\u00bb4.18.0&Prime; _module_preset=\u00a0\u00bbdefault\u00a0\u00bb global_colors_info=\u00a0\u00bb{}\u00a0\u00bb][et_pb_row _builder_version=\u00a0\u00bb4.18.0&Prime; _module_preset=\u00a0\u00bbdefault\u00a0\u00bb global_colors_info=\u00a0\u00bb{}\u00a0\u00bb][et_pb_column type=\u00a0\u00bb4_4&Prime; _builder_version=\u00a0\u00bb4.18.0&Prime; _module_preset=\u00a0\u00bbdefault\u00a0\u00bb global_colors_info=\u00a0\u00bb{}\u00a0\u00bb][et_pb_text _builder_version=\u00a0\u00bb4.18.0&Prime; _module_preset=\u00a0\u00bbdefault\u00a0\u00bb header_3_font=\u00a0\u00bbOldenburg||||||||\u00a0\u00bb header_3_text_align=\u00a0\u00bbcenter\u00a0\u00bb header_3_text_color=\u00a0\u00bb#0C71C3&Prime; custom_margin=\u00a0\u00bb-4px||6px|||\u00a0\u00bb global_colors_info=\u00a0\u00bb{}\u00a0\u00bb]<\/p>\n<h3 style=\"text-align: left;\">Le th\u00e8me de l&rsquo;ann\u00e9e 2024 est l&rsquo;histoire des JO et jeux paralympiques.<br \/>Les cycles 3 de Lanhouarneau et Ploun\u00e9vez-Lochrist se retrouvaient \u00e0 Tr\u00e9flez pour divers ateliers, le mardi 9 avril.<br \/>Jeux et vid\u00e9o sur l&rsquo;histoire des Jo, r\u00e9alisation d&rsquo;une carte d&rsquo;identit\u00e9 d&rsquo;un champion, r\u00e9alisation de dessins en pixel art, et un peu de sport<\/h3>\n<p>[\/et_pb_text][\/et_pb_column][\/et_pb_row][et_pb_row _builder_version=\u00a0\u00bb4.18.0&Prime; _module_preset=\u00a0\u00bbdefault\u00a0\u00bb width=\u00a0\u00bb78.5%\u00a0\u00bb min_height=\u00a0\u00bb1452px\u00a0\u00bb global_colors_info=\u00a0\u00bb{}\u00a0\u00bb][et_pb_column type=\u00a0\u00bb4_4&Prime; _builder_version=\u00a0\u00bb4.18.0&Prime; _module_preset=\u00a0\u00bbdefault\u00a0\u00bb global_colors_info=\u00a0\u00bb{}\u00a0\u00bb][et_pb_gallery gallery_ids=\u00a0\u00bb6086,6085,6084,6083,6082,6081,6080,6079&Prime; fullwidth=\u00a0\u00bbon\u00a0\u00bb _builder_version=\u00a0\u00bb4.18.0&Prime; _module_preset=\u00a0\u00bbdefault\u00a0\u00bb width=\u00a0\u00bb100%\u00a0\u00bb max_width=\u00a0\u00bb100%\u00a0\u00bb module_alignment=\u00a0\u00bbcenter\u00a0\u00bb min_height=\u00a0\u00bb1000px\u00a0\u00bb height=\u00a0\u00bb1000px\u00a0\u00bb max_height=\u00a0\u00bb1000px\u00a0\u00bb global_colors_info=\u00a0\u00bb{}\u00a0\u00bb][\/et_pb_gallery][\/et_pb_column][\/et_pb_row][\/et_pb_section][et_pb_section fb_built=\u00a0\u00bb1&Prime; _builder_version=\u00a0\u00bb4.18.0&Prime; _module_preset=\u00a0\u00bbdefault\u00a0\u00bb global_colors_info=\u00a0\u00bb{}\u00a0\u00bb][\/et_pb_section]<\/p>\n","protected":false},"excerpt":{"rendered":"<p>Le th\u00e8me de l&rsquo;ann\u00e9e 2026 est \u00ab\u00a0le recyclage c&rsquo;est bon pour ta plan\u00e8te\u00a0\u00bbDu 23 janvier au 6 f\u00e9vrier, \u00e0 l&rsquo;occasion de la quinzaine intercommunale avec les communes de Lanhouarneau et Plounevez Lochrist, tous les enfants de l&rsquo;\u00e9cole se sont initi\u00e9s \u00e0 la cr\u00e9ation \u00e0 base de recyclage : cochons en papier m\u00e2ch\u00e9 et chenilles en [&hellip;]<\/p>\n","protected":false},"author":1,"featured_media":0,"parent":0,"menu_order":0,"comment_status":"closed","ping_status":"closed","template":"","meta":{"_et_pb_use_builder":"on","_et_pb_old_content":"","_et_gb_content_width":"","footnotes":""},"class_list":["post-88","page","type-page","status-publish","hentry"],"_links":{"self":[{"href":"https:\/\/ecolesacrecoeurtreflez.fr\/index.php?rest_route=\/wp\/v2\/pages\/88","targetHints":{"allow":["GET"]}}],"collection":[{"href":"https:\/\/ecolesacrecoeurtreflez.fr\/index.php?rest_route=\/wp\/v2\/pages"}],"about":[{"href":"https:\/\/ecolesacrecoeurtreflez.fr\/index.php?rest_route=\/wp\/v2\/types\/page"}],"author":[{"embeddable":true,"href":"https:\/\/ecolesacrecoeurtreflez.fr\/index.php?rest_route=\/wp\/v2\/users\/1"}],"replies":[{"embeddable":true,"href":"https:\/\/ecolesacrecoeurtreflez.fr\/index.php?rest_route=%2Fwp%2Fv2%2Fcomments&post=88"}],"version-history":[{"count":19,"href":"https:\/\/ecolesacrecoeurtreflez.fr\/index.php?rest_route=\/wp\/v2\/pages\/88\/revisions"}],"predecessor-version":[{"id":6666,"href":"https:\/\/ecolesacrecoeurtreflez.fr\/index.php?rest_route=\/wp\/v2\/pages\/88\/revisions\/6666"}],"wp:attachment":[{"href":"https:\/\/ecolesacrecoeurtreflez.fr\/index.php?rest_route=%2Fwp%2Fv2%2Fmedia&parent=88"}],"curies":[{"name":"wp","href":"https:\/\/api.w.org\/{rel}","templated":true}]}}